
{"id":66,"date":"2016-12-08T15:49:12","date_gmt":"2016-12-08T14:49:12","guid":{"rendered":"http:\/\/dhm.web11.server10.lombego.de\/?page_id=66"},"modified":"2021-11-02T15:46:13","modified_gmt":"2021-11-02T14:46:13","slug":"kontakt","status":"publish","type":"page","link":"\/blog\/kontakt\/","title":{"rendered":"Kontakt"},"content":{"rendered":"<h1>KONTAKT<\/h1>\n<p>Haben Sie Anregungen, Fragen oder Kritik zum DHM-Blog? Dann schreiben Sie uns gerne eine E-Mail an <a href=\"mailto:blog@dhm.de\">blog@dhm.de<\/a> und wir melden uns schnellstm\u00f6glich zur\u00fcck.<\/p>\n<p>Sind Sie Blogger*in? Wir freuen uns \u00fcber jede Form des Austauschs und der Vernetzung. Bildmaterial und Informationen zu unseren aktuellen <a class=\"textlink internal\" title=\"Zu unseren Ausstellungen\" href=\"http:\/\/www.dhm.de\/ausstellungen\" target=\"_blank\">Ausstellungen<\/a> stehen f\u00fcr Sie auf unserer <a class=\"textlink internal\" title=\"Zur Presseseite\" href=\"http:\/\/www.dhm.de\/presse\" target=\"_blank\">Presseseite<\/a> zur Verf\u00fcgung. Diese k\u00f6nnen Sie gerne f\u00fcr Ihre Beitr\u00e4ge zu unseren Ausstellungen verwenden.<\/p>\n<p>Falls Sie einen Beitrag \u00fcber das Deutsche Historische Museum geschrieben haben, senden Sie uns den Link gerne per E-Mail und wir teilen Ihren Beitrag \u00fcber unsere Kan\u00e4le. Falls Sie das Deutsche Historische Museum in der Zukunft besuchen m\u00f6chten, melden Sie sich gerne bei uns, Blogger*innen erhalten freien Eintritt.<\/p>\n","protected":false},"excerpt":{"rendered":"<p>KONTAKT Haben Sie Anregungen, Fragen oder Kritik zum DHM-Blog? Dann schreiben Sie uns gerne eine E-Mail an blog@dhm.de und wir melden uns schnellstm\u00f6glich zur\u00fcck. Sind Sie Blogger*in? Wir freuen uns \u00fcber jede Form des Austauschs und der Vernetzung. Bildmaterial und Informationen zu unseren aktuellen Ausstellungen stehen f\u00fcr Sie auf unserer Presseseite zur Verf\u00fcgung. Diese k\u00f6nnen [&hellip;]<\/p>\n","protected":false},"author":1,"featured_media":0,"parent":0,"menu_order":0,"comment_status":"closed","ping_status":"closed","template":"","meta":{"footnotes":""},"class_list":["post-66","page","type-page","status-publish","hentry"],"_links":{"self":[{"href":"\/blog\/wp-json\/wp\/v2\/pages\/66","targetHints":{"allow":["GET"]}}],"collection":[{"href":"\/blog\/wp-json\/wp\/v2\/pages"}],"about":[{"href":"\/blog\/wp-json\/wp\/v2\/types\/page"}],"author":[{"embeddable":true,"href":"\/blog\/wp-json\/wp\/v2\/users\/1"}],"replies":[{"embeddable":true,"href":"\/blog\/wp-json\/wp\/v2\/comments?post=66"}],"version-history":[{"count":7,"href":"\/blog\/wp-json\/wp\/v2\/pages\/66\/revisions"}],"predecessor-version":[{"id":5079,"href":"\/blog\/wp-json\/wp\/v2\/pages\/66\/revisions\/5079"}],"wp:attachment":[{"href":"\/blog\/wp-json\/wp\/v2\/media?parent=66"}],"curies":[{"name":"wp","href":"https:\/\/api.w.org\/{rel}","templated":true}]}}